{"id":278,"date":"2023-08-30T12:53:17","date_gmt":"2023-08-30T11:53:17","guid":{"rendered":"http:\/\/litojesus.pt\/?page_id=278"},"modified":"2023-10-24T15:11:52","modified_gmt":"2023-10-24T14:11:52","slug":"politica-de-privacidade-e-cookies","status":"publish","type":"page","link":"https:\/\/litojesus.pt\/es\/politica-de-privacidade-e-cookies\/","title":{"rendered":"Pol\u00edtica de privacidad y cookies"},"content":{"rendered":"<div data-elementor-type=\"wp-page\" data-elementor-id=\"278\" class=\"elementor elementor-278\" data-elementor-post-type=\"page\">\n\t\t\t\t\t\t<section class=\"elementor-section elementor-top-section elementor-element elementor-element-52c5f92 elementor-section-boxed elementor-section-height-default elementor-section-height-default elementor-invisible\" data-id=\"52c5f92\" data-element_type=\"section\" data-e-type=\"section\" data-settings=\"{&quot;background_background&quot;:&quot;classic&quot;,&quot;animation&quot;:&quot;fadeIn&quot;}\">\n\t\t\t\t\t\t\t<div class=\"elementor-background-overlay\"><\/div>\n\t\t\t\t\t\t\t<div class=\"elementor-container elementor-column-gap-default\">\n\t\t\t\t\t<div class=\"elementor-column elementor-col-100 elementor-top-column elementor-element elementor-element-d02aaa7\" data-id=\"d02aaa7\" data-element_type=\"column\" data-e-type=\"column\">\n\t\t\t<div class=\"elementor-widget-wrap elementor-element-populated\">\n\t\t\t\t\t\t<div class=\"elementor-element elementor-element-0d04f11 elementor-invisible elementor-widget elementor-widget-heading\" data-id=\"0d04f11\" data-element_type=\"widget\" data-e-type=\"widget\" data-settings=\"{&quot;_animation&quot;:&quot;fadeInUp&quot;,&quot;_animation_tablet&quot;:&quot;fadeIn&quot;}\" data-widget_type=\"heading.default\">\n\t\t\t\t<div class=\"elementor-widget-container\">\n\t\t\t\t\t<h1 class=\"elementor-heading-title elementor-size-default\">Pol\u00edtica de privacidad y cookies<\/h1>\t\t\t\t<\/div>\n\t\t\t\t<\/div>\n\t\t\t\t\t<\/div>\n\t\t<\/div>\n\t\t\t\t\t<\/div>\n\t\t<\/section>\n\t\t\t\t<section class=\"elementor-section elementor-top-section elementor-element elementor-element-98fa505 elementor-section-boxed elementor-section-height-default elementor-section-height-default\" data-id=\"98fa505\" data-element_type=\"section\" data-e-type=\"section\" data-settings=\"{&quot;background_background&quot;:&quot;classic&quot;}\">\n\t\t\t\t\t\t<div class=\"elementor-container elementor-column-gap-default\">\n\t\t\t\t\t<div class=\"elementor-column elementor-col-100 elementor-top-column elementor-element elementor-element-f6c2a48 elementor-invisible\" data-id=\"f6c2a48\" data-element_type=\"column\" data-e-type=\"column\" data-settings=\"{&quot;animation&quot;:&quot;fadeInRight&quot;,&quot;animation_tablet&quot;:&quot;fadeIn&quot;,&quot;animation_delay&quot;:200}\">\n\t\t\t<div class=\"elementor-widget-wrap elementor-element-populated\">\n\t\t\t\t\t\t<div class=\"elementor-element elementor-element-6fc580f elementor-widget elementor-widget-text-editor\" data-id=\"6fc580f\" data-element_type=\"widget\" data-e-type=\"widget\" data-widget_type=\"text-editor.default\">\n\t\t\t\t<div class=\"elementor-widget-container\">\n\t\t\t\t\t\t\t\t\t<h2>Pol\u00edtica de privacidad<\/h2><p>En este sitio web, una de nuestras principales prioridades es la privacidad de nuestros visitantes. Este documento de pol\u00edtica de privacidad contiene los tipos de informaci\u00f3n que se recogen y registran en este sitio web y c\u00f3mo los utilizamos.<\/p><p>S\u00f3lo le pedimos informaci\u00f3n personal cuando la necesitamos para prestarle un servicio y nunca la compartimos p\u00fablicamente ni con terceros, excepto cuando lo exige la ley o usted lo autoriza.<\/p><p>Esta pol\u00edtica se aplica \u00fanicamente a nuestras actividades en l\u00ednea y es v\u00e1lida para los visitantes de nuestro sitio web con respecto a la informaci\u00f3n que han compartido y\/o recopilado. Esta pol\u00edtica no se aplica a ninguna informaci\u00f3n recopilada fuera de l\u00ednea o a trav\u00e9s de canales distintos de este sitio web.<\/p><p>Si tiene alguna pregunta o necesita m\u00e1s informaci\u00f3n sobre nuestra Pol\u00edtica de privacidad, no dude en ponerse en contacto con nosotros por correo electr\u00f3nico: geral@litojesus.pt.<\/p><h3>Consentimiento<\/h3><p>Al utilizar nuestro sitio web, usted acepta nuestra Pol\u00edtica de privacidad y est\u00e1 de acuerdo con sus t\u00e9rminos.<\/p><h3>Informaci\u00f3n que recopilamos<\/h3><p>Formularios de contacto y solicitudes de presupuesto: si se pone en contacto con nosotros directamente, recibimos informaci\u00f3n como su nombre, direcci\u00f3n de correo electr\u00f3nico, n\u00famero de tel\u00e9fono, el contenido del mensaje y\/o los archivos adjuntos que nos env\u00ede, y cualquier otra informaci\u00f3n que decida facilitarnos.<\/p><h3>C\u00f3mo utilizamos su informaci\u00f3n<\/h3><ul><li>Funcionamiento y mantenimiento de nuestro sitio web<\/li><li>Mejorar, personalizar y ampliar nuestro sitio web<\/li><li>Comprender y analizar c\u00f3mo utiliza nuestro sitio web<\/li><li>Desarrollo de nuevos productos, servicios, caracter\u00edsticas y funcionalidades<\/li><li>Comunicarnos con usted, directamente o a trav\u00e9s de uno de nuestros socios, por ejemplo para ofrecerle un servicio de atenci\u00f3n al cliente, proporcionarle actualizaciones y otra informaci\u00f3n relacionada con el sitio web, y con fines de marketing.<\/li><li>Enviarte correos electr\u00f3nicos<\/li><li>Detectar y prevenir el fraude<\/li><\/ul><h3>Archivos de registro<\/h3><p>Este sitio sigue un procedimiento est\u00e1ndar de uso de archivos de registro. Estos archivos registran a los visitantes cuando visitan los sitios web. La informaci\u00f3n recogida por los archivos de registro incluye direcciones de protocolo de Internet (IP), tipo de navegador, proveedor de servicios de Internet (ISP), fecha y hora, p\u00e1ginas de referencia\/salida y, posiblemente, el n\u00famero de clics. Esta informaci\u00f3n no est\u00e1 vinculada a ning\u00fan dato personal identificable. La finalidad de la informaci\u00f3n es analizar tendencias, administrar el sitio, seguir los movimientos de los usuarios por el sitio y recopilar informaci\u00f3n demogr\u00e1fica.<\/p><h3>Cookies y balizas web<\/h3><p>Como cualquier otro sitio web, utilizamos \"cookies\". Estas cookies se utilizan para almacenar diversos tipos de informaci\u00f3n, incluidas las preferencias de los visitantes y las p\u00e1ginas del sitio web a las que han accedido. La informaci\u00f3n se utiliza para optimizar la experiencia del usuario personalizando el contenido de nuestro sitio web en funci\u00f3n del tipo de navegador del visitante y\/u otra informaci\u00f3n.<\/p><h3>Pol\u00edticas de privacidad de terceros<\/h3><p>La pol\u00edtica de privacidad de este sitio no se aplica a otros anunciantes o sitios web. Por lo tanto, le aconsejamos que consulte sus pol\u00edticas de privacidad.<\/p><p>Los servidores o redes publicitarias de terceros utilizan tecnolog\u00edas como cookies, JavaScript o Web Beacons que se utilizan en sus respectivos anuncios y enlaces que pueden aparecer en este sitio, y que se env\u00edan directamente al navegador de los usuarios. Cuando esto ocurre, reciben autom\u00e1ticamente su direcci\u00f3n IP. Estas tecnolog\u00edas se utilizan para medir la eficacia de sus campa\u00f1as publicitarias y\/o personalizar el contenido publicitario que usted ve en los sitios web que visita.<\/p><p>Tenga en cuenta que no tenemos acceso ni control sobre estas cookies utilizadas por terceros.<\/p><h3>Derechos de privacidad de la CCPA<\/h3><p>En virtud de la CCPA, entre otros derechos, los consumidores de California tienen derecho a:<\/p><ul><li>Solicitar que una empresa que recopila datos personales de un consumidor revele las categor\u00edas y elementos espec\u00edficos de esos datos personales.<\/li><li>Solicitar que una empresa elimine cualquier dato personal sobre el consumidor que haya recopilado.<\/li><li>Solicitar que una empresa deje de vender sus datos personales.<\/li><\/ul><p>Si realiza una solicitud, disponemos de un mes para responderle. Si desea ejercer alguno de estos derechos, p\u00f3ngase en contacto con nosotros.<\/p><h3>Derechos de protecci\u00f3n de datos GDPR<\/h3><p>Queremos asegurarnos de que conoce perfectamente todos sus derechos en materia de protecci\u00f3n de datos. Todos los usuarios tienen derecho a lo siguiente:<\/p><p>Derecho de acceso - Tiene derecho a solicitar copias de sus datos personales. Es posible que le cobremos una peque\u00f1a cantidad por este servicio.<\/p><p>Derecho de rectificaci\u00f3n - Tiene derecho a solicitar la rectificaci\u00f3n de cualquier informaci\u00f3n que considere incorrecta. Tambi\u00e9n tiene derecho a solicitar que completemos la informaci\u00f3n que considere incompleta.<\/p><p>Derecho de supresi\u00f3n - Tiene derecho a solicitar que borremos sus datos personales, en determinadas condiciones.<\/p><p>Derecho a restringir el tratamiento - Tiene derecho a solicitar que se restrinja el tratamiento de sus datos personales, en determinadas condiciones.<\/p><p>Derecho a oponerse al tratamiento - Usted tiene derecho a oponerse al tratamiento de sus datos personales por nuestra parte, en determinadas condiciones.<\/p><p>Derecho a la portabilidad de los datos - Tiene derecho a solicitar la transferencia de los datos que recopilamos a otra organizaci\u00f3n, o directamente a usted, en determinadas condiciones.<\/p><p>Si realiza una solicitud, disponemos de un mes para responderle. Si desea ejercer alguno de estos derechos, p\u00f3ngase en contacto con nosotros.<\/p><h3>Informaci\u00f3n infantil<\/h3><p>Este sitio no recoge conscientemente ninguna informaci\u00f3n personal identificable de ni\u00f1os menores de 13 a\u00f1os. Si sospecha que su hijo ha proporcionado alguna informaci\u00f3n en nuestro sitio web, p\u00f3ngase en contacto con nosotros inmediatamente y haremos todo lo posible por eliminar r\u00e1pidamente dicha informaci\u00f3n de nuestros registros.<\/p><h3>Divulgaci\u00f3n de sus datos con fines legales<\/h3><p>En ocasiones puede resultar necesario, por motivos legales, revelar su informaci\u00f3n en respuesta a una solicitud de un organismo gubernamental o una entidad privada. En consecuencia, los usuarios de nuestro sitio aceptan que podamos revelar su informaci\u00f3n a terceros cuando creamos, de buena fe, que es conveniente hacerlo a efectos de una acci\u00f3n civil, investigaci\u00f3n penal u otro asunto legal.<\/p><p>Tambi\u00e9n podemos denunciarle proactivamente y revelar su informaci\u00f3n a terceros cuando lo consideremos prudente por motivos legales, como nuestra creencia de que ha participado en una actividad fraudulenta.<\/p><p>Cualquier transmisi\u00f3n de datos personales con fines legales s\u00f3lo se realizar\u00e1 de conformidad con la legislaci\u00f3n del pa\u00eds en el que usted resida.<\/p><h2>Pol\u00edtica de cookies<\/h2><h3>\u00bfQu\u00e9 son las cookies?<\/h3><p>Como es pr\u00e1ctica habitual en casi todos los sitios web, este sitio utiliza cookies, que son peque\u00f1os archivos que se descargan en su ordenador para mejorar su experiencia. Esta p\u00e1gina describe la informaci\u00f3n que recopilan estas cookies, c\u00f3mo la utilizamos y por qu\u00e9 necesitamos almacenarlas. Tambi\u00e9n le indicamos c\u00f3mo puede evitar que se almacenen estas cookies. Sin embargo, esto puede disminuir o \"romper\" ciertos elementos de la funcionalidad de los sitios web.<\/p><h3>Desactivar las cookies<\/h3><p>En la mayor\u00eda de los casos, no existen opciones est\u00e1ndar en la industria para desactivar las cookies sin desactivar por completo la funcionalidad y las caracter\u00edsticas que a\u00f1aden a este sitio. Se recomienda dejar todas las cookies activadas si no est\u00e1 seguro de si las necesita o no, ya que pueden ser necesarias para prestarle un servicio que usted utiliza.<\/p><p>Puede impedir la instalaci\u00f3n de cookies ajustando la configuraci\u00f3n de su navegador (consulte la ayuda de su navegador para saber c\u00f3mo hacerlo). Tenga en cuenta que desactivar las cookies afectar\u00e1 a la funcionalidad de este sitio y de muchos otros que visite.<\/p><h3>Las cookies que utilizamos<\/h3><p>Cookies relacionadas con formularios: cuando env\u00eda datos a trav\u00e9s de un formulario, algunas cookies pueden configurarse para recordar sus datos de usuario para futuras correspondencias.<\/p><p>Cookies relacionadas con encuestas: de vez en cuando, podemos realizar encuestas para conocer mejor a nuestros usuarios. Algunas cookies pueden utilizarse para saber qui\u00e9n ha participado ya.<\/p><h3>Cookies de terceros<\/h3><p>En algunos casos, tambi\u00e9n utilizamos cookies proporcionadas por terceros de confianza.<\/p><p>Este sitio utiliza Google Analytics, una de las soluciones anal\u00edticas m\u00e1s extendidas y fiables de la web, para ayudarnos a comprender c\u00f3mo utiliza el sitio y c\u00f3mo podemos mejorar su experiencia. Estas cookies pueden registrar datos como el tiempo que pasas en el sitio web y las p\u00e1ginas que visitas para que podamos seguir produciendo contenidos atractivos.<\/p><p>Tambi\u00e9n podemos utilizar cookies relacionadas con servicios externos, como el bolet\u00edn de noticias o el meta p\u00edxel. Estas cookies se utilizan para comprobar la eficacia de nuestras campa\u00f1as.<\/p><p>Tambi\u00e9n podemos utilizar otras funcionalidades de determinadas redes sociales. Para que estas funcionen, estas plataformas colocar\u00e1n cookies en nuestro sitio, que podr\u00e1n utilizarse para mejorar su perfil en estos sitios, de conformidad con sus respectivas pol\u00edticas de privacidad.<\/p><h2>Seguir leyendo<\/h2><p>Esperamos que estas pol\u00edticas hayan sido esclarecedoras. No obstante, si necesita m\u00e1s informaci\u00f3n, puede ponerse en contacto con nosotros en: geral@litojesus.pt<\/p><p>Esta pol\u00edtica es v\u00e1lida a partir de octubre\/2023.<\/p>\t\t\t\t\t\t\t\t<\/div>\n\t\t\t\t<\/div>\n\t\t\t\t\t<\/div>\n\t\t<\/div>\n\t\t\t\t\t<\/div>\n\t\t<\/section>\n\t\t\t\t<section class=\"elementor-section elementor-top-section elementor-element elementor-element-bb30643 elementor-section-boxed elementor-section-height-default elementor-section-height-default elementor-invisible\" data-id=\"bb30643\" data-element_type=\"section\" data-e-type=\"section\" data-settings=\"{&quot;background_background&quot;:&quot;classic&quot;,&quot;animation&quot;:&quot;fadeInUp&quot;}\">\n\t\t\t\t\t\t<div class=\"elementor-container elementor-column-gap-default\">\n\t\t\t\t\t<div class=\"elementor-column elementor-col-50 elementor-top-column elementor-element elementor-element-5d29670 elementor-invisible\" data-id=\"5d29670\" data-element_type=\"column\" data-e-type=\"column\" data-settings=\"{&quot;animation&quot;:&quot;fadeInLeft&quot;}\">\n\t\t\t<div class=\"elementor-widget-wrap elementor-element-populated\">\n\t\t\t\t\t\t<div class=\"elementor-element elementor-element-3ae327b elementor-widget elementor-widget-heading\" data-id=\"3ae327b\" data-element_type=\"widget\" data-e-type=\"widget\" data-settings=\"{&quot;_animation&quot;:&quot;none&quot;}\" data-widget_type=\"heading.default\">\n\t\t\t\t<div class=\"elementor-widget-container\">\n\t\t\t\t\t<h2 class=\"elementor-heading-title elementor-size-default\">Solicite su presupuesto ahora<\/h2>\t\t\t\t<\/div>\n\t\t\t\t<\/div>\n\t\t\t\t<div class=\"elementor-element elementor-element-a44c098 elementor-widget elementor-widget-button\" data-id=\"a44c098\" data-element_type=\"widget\" data-e-type=\"widget\" data-widget_type=\"button.default\">\n\t\t\t\t<div class=\"elementor-widget-container\">\n\t\t\t\t\t\t\t\t\t<div class=\"elementor-button-wrapper\">\n\t\t\t\t\t<a class=\"elementor-button elementor-button-link elementor-size-sm elementor-animation-grow\" href=\"#elementor-action%3Aaction%3Dpopup%3Aopen%26settings%3DeyJpZCI6IjU4NyIsInRvZ2dsZSI6ZmFsc2V9\">\n\t\t\t\t\t\t<span class=\"elementor-button-content-wrapper\">\n\t\t\t\t\t\t\t\t\t<span class=\"elementor-button-text\">Solicitar un presupuesto<\/span>\n\t\t\t\t\t<\/span>\n\t\t\t\t\t<\/a>\n\t\t\t\t<\/div>\n\t\t\t\t\t\t\t\t<\/div>\n\t\t\t\t<\/div>\n\t\t\t\t\t<\/div>\n\t\t<\/div>\n\t\t\t\t<div class=\"elementor-column elementor-col-50 elementor-top-column elementor-element elementor-element-0c551d2 elementor-hidden-phone\" data-id=\"0c551d2\" data-element_type=\"column\" data-e-type=\"column\">\n\t\t\t<div class=\"elementor-widget-wrap\">\n\t\t\t\t\t\t\t<\/div>\n\t\t<\/div>\n\t\t\t\t\t<\/div>\n\t\t<\/section>\n\t\t\t\t<\/div>","protected":false},"excerpt":{"rendered":"<p>Pol\u00edtica de privacidade e cookies Pol\u00edtica de Privacidade Neste site, uma das nossas principais prioridades \u00e9 a privacidade dos nossos visitantes. Este documento de Pol\u00edtica de Privacidade cont\u00e9m os tipos de informa\u00e7\u00e3o que s\u00e3o recolhidos e registados neste website e a forma como os utilizamos. Solicitamos informa\u00e7\u00f5es pessoais apenas quando precisamos delas para lhe fornecer [&hellip;]<\/p>\n","protected":false},"author":2,"featured_media":0,"parent":0,"menu_order":0,"comment_status":"closed","ping_status":"closed","template":"elementor_header_footer","meta":{"footnotes":""},"class_list":["post-278","page","type-page","status-publish","hentry"],"aioseo_notices":[],"_links":{"self":[{"href":"https:\/\/litojesus.pt\/es\/wp-json\/wp\/v2\/pages\/278","targetHints":{"allow":["GET"]}}],"collection":[{"href":"https:\/\/litojesus.pt\/es\/wp-json\/wp\/v2\/pages"}],"about":[{"href":"https:\/\/litojesus.pt\/es\/wp-json\/wp\/v2\/types\/page"}],"author":[{"embeddable":true,"href":"https:\/\/litojesus.pt\/es\/wp-json\/wp\/v2\/users\/2"}],"replies":[{"embeddable":true,"href":"https:\/\/litojesus.pt\/es\/wp-json\/wp\/v2\/comments?post=278"}],"version-history":[{"count":16,"href":"https:\/\/litojesus.pt\/es\/wp-json\/wp\/v2\/pages\/278\/revisions"}],"predecessor-version":[{"id":937,"href":"https:\/\/litojesus.pt\/es\/wp-json\/wp\/v2\/pages\/278\/revisions\/937"}],"wp:attachment":[{"href":"https:\/\/litojesus.pt\/es\/wp-json\/wp\/v2\/media?parent=278"}],"curies":[{"name":"wp","href":"https:\/\/api.w.org\/{rel}","templated":true}]}}